{"id":1659,"date":"2016-06-29T15:07:40","date_gmt":"2016-06-29T13:07:40","guid":{"rendered":"http:\/\/www.ata-modena.com\/fr\/?page_id=1659"},"modified":"2017-12-19T17:24:35","modified_gmt":"2017-12-19T16:24:35","slug":"actualites","status":"publish","type":"page","link":"https:\/\/www.ata-modena.com\/fr\/actualites\/","title":{"rendered":"Actualit\u00e9s"},"content":{"rendered":"<div class=\"fusion-fullwidth fullwidth-box fusion-builder-row-1 hundred-percent-fullwidth non-hundred-percent-height-scrolling\" style=\"--awb-border-radius-top-left:0px;--awb-border-radius-top-right:0px;--awb-border-radius-bottom-right:0px;--awb-border-radius-bottom-left:0px;--awb-overflow:visible;--awb-flex-wrap:wrap;\" ><div class=\"fusion-builder-row fusion-row\"><div class=\"fusion-layout-column fusion_builder_column fusion-builder-column-0 fusion_builder_column_1_1 1_1 fusion-one-full fusion-column-first fusion-column-last fusion-column-no-min-height\" style=\"--awb-bg-size:cover;--awb-margin-bottom:0px;\"><div class=\"fusion-column-wrapper fusion-flex-column-wrapper-legacy\"><div class=\"fusion-title title fusion-title-1 fusion-title-text fusion-title-size-one\"><h1 class=\"fusion-title-heading title-heading-left fusion-responsive-typography-calculated\" style=\"margin:0;--fontSize:34;line-height:1.24;\">News<\/h1><span class=\"awb-title-spacer\"><\/span><div class=\"title-sep-container\"><div class=\"title-sep sep-double sep-solid\" style=\"border-color:#e0dede;\"><\/div><\/div><\/div><div class=\"fusion-sep-clear\"><\/div><div class=\"fusion-separator fusion-full-width-sep\" style=\"margin-left: auto;margin-right: auto;margin-bottom:50px;width:100%;\"><\/div><div class=\"fusion-sep-clear\"><\/div><div class=\"fusion-clearfix\"><\/div><\/div><\/div><div class=\"fusion-layout-column fusion_builder_column fusion-builder-column-1 fusion_builder_column_1_1 1_1 fusion-one-full fusion-column-first fusion-column-last fusion-column-no-min-height\" style=\"--awb-bg-size:cover;--awb-margin-bottom:0px;\"><div class=\"fusion-column-wrapper fusion-flex-column-wrapper-legacy\"><div class=\"fusion-blog-shortcode fusion-blog-shortcode-1 fusion-blog-archive fusion-blog-layout-medium fusion-blog-infinite\"><div class=\"fusion-posts-container fusion-posts-container-infinite fusion-no-meta-info\" data-pages=\"1\"><article id=\"blog-1-post-1665\" class=\"fusion-post-medium post-1665 post type-post status-publish format-standard has-post-thumbnail hentry category-actualites\">\n\t<style type=\"text\/css\">\n\t\t\n\t\t\n\t\t\n\t\t\n\t\t\t<\/style>\n\n\n\t\t\t<div class=\"fusion-flexslider flexslider fusion-flexslider-loading fusion-post-slideshow\" style=\"\">\n\t\t<ul class=\"slides\">\n\t\t\t\n\t\t\t\t\t\t\t\t\t\t\t\t\t\t<li><div  class=\"fusion-image-wrapper fusion-image-size-fixed\" aria-haspopup=\"true\">\n\t\t\t\t\t\t\t<a href=\"https:\/\/www.ata-modena.com\/fr\/ata-et-lefficacite-energetique-une-garantieata-tow-tractors-a-participe-au-projet-co2-off-de-officinae-verdi-et-a-travers-la-realisation-dune-installation-photovoltaique-de-100\/\" aria-label=\"ATA et l\u2019efficacit\u00e9 \u00e9nerg\u00e9tique, une garantie\">\n\t\t\t\t\t\t\t<img decoding=\"async\" width=\"227\" height=\"97\" src=\"https:\/\/www.ata-modena.com\/wp-content\/uploads\/2016\/06\/Logo_Ovaerdi_EnergyEfficinecyCo2Project_web_227px.png\" class=\"attachment-blog-medium size-blog-medium wp-post-image\" alt=\"\" \/>\t\t\t<\/a>\n\t\t\t\t\t\t\t<\/div>\n<\/li>\n\t\t\t\n\t\t\t\n\t\t\t\t\t\t\t\t\t\t\t\t\t\t\t\t\t\t\t\t\t\t\t\t\t\t\t\t\t\t\t\t\t\t\t\t\t\t\t\t\t\t\t\t\t\t\t\t\t\t\t\t\t\t\t\t\t\t\t\t\t\t\t\t\t\t\t\t<\/ul>\n\t<\/div>\n\t<div class=\"fusion-post-content post-content\"><h2 class=\"blog-shortcode-post-title entry-title\"><a href=\"https:\/\/www.ata-modena.com\/fr\/ata-et-lefficacite-energetique-une-garantieata-tow-tractors-a-participe-au-projet-co2-off-de-officinae-verdi-et-a-travers-la-realisation-dune-installation-photovoltaique-de-100\/\">ATA et l\u2019efficacit\u00e9 \u00e9nerg\u00e9tique, une garantie<\/a><\/h2><div class=\"fusion-post-content-container\"><p>ATA Tow Tractors a particip\u00e9 au projet \"CO2 OFF\" de Officin\u00e6 Verdi et, a travers la r\u00e9alisation d\u2019une installation photovolta\u00efque de 100kWp qui permet d\u2018\u00e9viter environ 36 t\/ de CO2, contribue aux obje<a href=\"https:\/\/www.ata-modena.com\/fr\/ata-et-lefficacite-energetique-une-garantieata-tow-tractors-a-participe-au-projet-co2-off-de-officinae-verdi-et-a-travers-la-realisation-dune-installation-photovoltaique-de-100\/\"> [...]<\/a><\/p><\/div><\/div><div class=\"fusion-clearfix\"><\/div><\/article>\n<article id=\"blog-1-post-1661\" class=\"fusion-post-medium post-1661 post type-post status-publish format-standard has-post-thumbnail hentry category-actualites\">\n\t<style type=\"text\/css\">\n\t\t\n\t\t\n\t\t\n\t\t\n\t\t\t<\/style>\n\n\n\t\t\t<div class=\"fusion-flexslider flexslider fusion-flexslider-loading fusion-post-slideshow\" style=\"\">\n\t\t<ul class=\"slides\">\n\t\t\t\n\t\t\t\t\t\t\t\t\t\t\t\t\t\t<li><div  class=\"fusion-image-wrapper fusion-image-size-fixed\" aria-haspopup=\"true\">\n\t\t\t\t\t\t\t<a href=\"https:\/\/www.ata-modena.com\/fr\/ata-a-logimat-2016\/\" aria-label=\"ATA a LogiMAT 2016\">\n\t\t\t\t\t\t\t<img decoding=\"async\" width=\"320\" height=\"202\" src=\"https:\/\/www.ata-modena.com\/wp-content\/uploads\/2016\/03\/ata-tow-tractors-modena-fiera-Logimat-stoccarda-2016-320x202.jpg\" class=\"attachment-blog-medium size-blog-medium wp-post-image\" alt=\"\" \/>\t\t\t<\/a>\n\t\t\t\t\t\t\t<\/div>\n<\/li>\n\t\t\t\n\t\t\t\n\t\t\t\t\t\t\t\t\t\t\t\t\t\t\t\t\t\t\t\t\t\t\t\t\t\t\t\t\t\t\t\t\t\t\t\t\t\t\t\t\t\t\t\t\t\t\t\t\t\t\t\t\t\t\t\t\t\t\t\t\t\t\t\t\t\t\t\t<\/ul>\n\t<\/div>\n\t<div class=\"fusion-post-content post-content\"><h2 class=\"blog-shortcode-post-title entry-title\"><a href=\"https:\/\/www.ata-modena.com\/fr\/ata-a-logimat-2016\/\">ATA a LogiMAT 2016<\/a><\/h2><div class=\"fusion-post-content-container\"><p> Une plateforme informatique, une foire de travail et un barom\u00e8tre de tendance pour les d\u00e9veloppements en intra logistique, c\u2019est LOGIMAT, la grande foire international qui as cette ann\u00e9e d\u00e9montr\u00e9e un<a href=\"https:\/\/www.ata-modena.com\/fr\/ata-a-logimat-2016\/\"> [...]<\/a><\/p><\/div><\/div><div class=\"fusion-clearfix\"><\/div><\/article>\n<article id=\"blog-1-post-1668\" class=\"fusion-post-medium post-1668 post type-post status-publish format-standard has-post-thumbnail hentry category-actualites\">\n\t<style type=\"text\/css\">\n\t\t\n\t\t\n\t\t\n\t\t\n\t\t\t<\/style>\n\n\n\t\t\t<div class=\"fusion-flexslider flexslider fusion-flexslider-loading fusion-post-slideshow\" style=\"\">\n\t\t<ul class=\"slides\">\n\t\t\t\n\t\t\t\t\t\t\t\t\t\t\t\t\t\t<li><div  class=\"fusion-image-wrapper fusion-image-size-fixed\" aria-haspopup=\"true\">\n\t\t\t\t\t\t\t<a href=\"https:\/\/www.ata-modena.com\/fr\/aeroport-alimente-avec-lenergie-solaire-en-sud-afrique\/\" aria-label=\"A\u00e9roport aliment\u00e9 avec l\u2019\u00e9nergie solaire en sud Afrique\">\n\t\t\t\t\t\t\t<img decoding=\"async\" width=\"320\" height=\"202\" src=\"https:\/\/www.ata-modena.com\/wp-content\/uploads\/2016\/03\/aeroporto-sudafrica-energia-solare-orig-1_main-320x202.jpg\" class=\"attachment-blog-medium size-blog-medium wp-post-image\" alt=\"\" \/>\t\t\t<\/a>\n\t\t\t\t\t\t\t<\/div>\n<\/li>\n\t\t\t\n\t\t\t\n\t\t\t\t\t\t\t\t\t\t\t\t\t\t\t\t\t\t\t\t\t\t\t\t\t\t\t\t\t\t\t\t\t\t\t\t\t\t\t\t\t\t\t\t\t\t\t\t\t\t\t\t\t\t\t\t\t\t\t\t\t\t\t\t\t\t\t\t<\/ul>\n\t<\/div>\n\t<div class=\"fusion-post-content post-content\"><h2 class=\"blog-shortcode-post-title entry-title\"><a href=\"https:\/\/www.ata-modena.com\/fr\/aeroport-alimente-avec-lenergie-solaire-en-sud-afrique\/\">A\u00e9roport aliment\u00e9 avec l\u2019\u00e9nergie solaire en sud Afrique<\/a><\/h2><div class=\"fusion-post-content-container\"><p>Le sud Afrique a ouvert le premier a\u00e9roport a \u00e9nergie solaire du continent, dans la province sud occidental de western (la r\u00e9gion de la capitale de la ville du Chef). Il s\u2019agit de George Airport qui v<a href=\"https:\/\/www.ata-modena.com\/fr\/aeroport-alimente-avec-lenergie-solaire-en-sud-afrique\/\"> [...]<\/a><\/p><\/div><\/div><div class=\"fusion-clearfix\"><\/div><\/article>\n<\/div><\/div><div class=\"fusion-clearfix\"><\/div><\/div><\/div><\/div><\/div>\n","protected":false},"excerpt":{"rendered":"","protected":false},"author":31,"featured_media":0,"parent":0,"menu_order":0,"comment_status":"open","ping_status":"closed","template":"","meta":{"footnotes":""},"class_list":["post-1659","page","type-page","status-publish","hentry"],"yoast_head":"<!-- This site is optimized with the Yoast SEO plugin v27.6 - https:\/\/yoast.com\/product\/yoast-seo-wordpress\/ -->\n<title>Actualit\u00e9s - ATA Tow Tractors - Modena<\/title>\n<meta name=\"robots\" content=\"index, follow, max-snippet:-1, max-image-preview:large, max-video-preview:-1\" \/>\n<link rel=\"canonical\" href=\"https:\/\/www.ata-modena.com\/fr\/actualites\/\" \/>\n<meta property=\"og:locale\" content=\"fr_FR\" \/>\n<meta property=\"og:type\" content=\"article\" \/>\n<meta property=\"og:title\" content=\"Actualit\u00e9s - ATA Tow Tractors - Modena\" \/>\n<meta property=\"og:url\" content=\"https:\/\/www.ata-modena.com\/fr\/actualites\/\" \/>\n<meta property=\"og:site_name\" content=\"ATA Tow Tractors - Modena\" \/>\n<meta property=\"article:modified_time\" content=\"2017-12-19T16:24:35+00:00\" \/>\n<meta name=\"twitter:card\" content=\"summary_large_image\" \/>\n<meta name=\"twitter:label1\" content=\"Dur\u00e9e de lecture estim\u00e9e\" \/>\n\t<meta name=\"twitter:data1\" content=\"1 minute\" \/>\n<script type=\"application\/ld+json\" class=\"yoast-schema-graph\">{\"@context\":\"https:\\\/\\\/schema.org\",\"@graph\":[{\"@type\":\"WebPage\",\"@id\":\"https:\\\/\\\/www.ata-modena.com\\\/fr\\\/actualites\\\/\",\"url\":\"https:\\\/\\\/www.ata-modena.com\\\/fr\\\/actualites\\\/\",\"name\":\"Actualit\u00e9s - ATA Tow Tractors - Modena\",\"isPartOf\":{\"@id\":\"https:\\\/\\\/www.ata-modena.com\\\/en\\\/#website\"},\"datePublished\":\"2016-06-29T13:07:40+00:00\",\"dateModified\":\"2017-12-19T16:24:35+00:00\",\"breadcrumb\":{\"@id\":\"https:\\\/\\\/www.ata-modena.com\\\/fr\\\/actualites\\\/#breadcrumb\"},\"inLanguage\":\"fr-FR\",\"potentialAction\":[{\"@type\":\"ReadAction\",\"target\":[\"https:\\\/\\\/www.ata-modena.com\\\/fr\\\/actualites\\\/\"]}]},{\"@type\":\"BreadcrumbList\",\"@id\":\"https:\\\/\\\/www.ata-modena.com\\\/fr\\\/actualites\\\/#breadcrumb\",\"itemListElement\":[{\"@type\":\"ListItem\",\"position\":1,\"name\":\"Home\",\"item\":\"https:\\\/\\\/www.ata-modena.com\\\/fr\\\/\"},{\"@type\":\"ListItem\",\"position\":2,\"name\":\"Actualit\u00e9s\"}]},{\"@type\":\"WebSite\",\"@id\":\"https:\\\/\\\/www.ata-modena.com\\\/en\\\/#website\",\"url\":\"https:\\\/\\\/www.ata-modena.com\\\/en\\\/\",\"name\":\"ATA Tow Tractors - Modena\",\"description\":\"Dal 1952 trainiamo grandi pesi. Nell\u2019industria, negli aeroporti.\",\"potentialAction\":[{\"@type\":\"SearchAction\",\"target\":{\"@type\":\"EntryPoint\",\"urlTemplate\":\"https:\\\/\\\/www.ata-modena.com\\\/en\\\/?s={search_term_string}\"},\"query-input\":{\"@type\":\"PropertyValueSpecification\",\"valueRequired\":true,\"valueName\":\"search_term_string\"}}],\"inLanguage\":\"fr-FR\"}]}<\/script>\n<!-- \/ Yoast SEO plugin. -->","yoast_head_json":{"title":"Actualit\u00e9s - ATA Tow Tractors - Modena","robots":{"index":"index","follow":"follow","max-snippet":"max-snippet:-1","max-image-preview":"max-image-preview:large","max-video-preview":"max-video-preview:-1"},"canonical":"https:\/\/www.ata-modena.com\/fr\/actualites\/","og_locale":"fr_FR","og_type":"article","og_title":"Actualit\u00e9s - ATA Tow Tractors - Modena","og_url":"https:\/\/www.ata-modena.com\/fr\/actualites\/","og_site_name":"ATA Tow Tractors - Modena","article_modified_time":"2017-12-19T16:24:35+00:00","twitter_card":"summary_large_image","twitter_misc":{"Dur\u00e9e de lecture estim\u00e9e":"1 minute"},"schema":{"@context":"https:\/\/schema.org","@graph":[{"@type":"WebPage","@id":"https:\/\/www.ata-modena.com\/fr\/actualites\/","url":"https:\/\/www.ata-modena.com\/fr\/actualites\/","name":"Actualit\u00e9s - ATA Tow Tractors - Modena","isPartOf":{"@id":"https:\/\/www.ata-modena.com\/en\/#website"},"datePublished":"2016-06-29T13:07:40+00:00","dateModified":"2017-12-19T16:24:35+00:00","breadcrumb":{"@id":"https:\/\/www.ata-modena.com\/fr\/actualites\/#breadcrumb"},"inLanguage":"fr-FR","potentialAction":[{"@type":"ReadAction","target":["https:\/\/www.ata-modena.com\/fr\/actualites\/"]}]},{"@type":"BreadcrumbList","@id":"https:\/\/www.ata-modena.com\/fr\/actualites\/#breadcrumb","itemListElement":[{"@type":"ListItem","position":1,"name":"Home","item":"https:\/\/www.ata-modena.com\/fr\/"},{"@type":"ListItem","position":2,"name":"Actualit\u00e9s"}]},{"@type":"WebSite","@id":"https:\/\/www.ata-modena.com\/en\/#website","url":"https:\/\/www.ata-modena.com\/en\/","name":"ATA Tow Tractors - Modena","description":"Dal 1952 trainiamo grandi pesi. Nell\u2019industria, negli aeroporti.","potentialAction":[{"@type":"SearchAction","target":{"@type":"EntryPoint","urlTemplate":"https:\/\/www.ata-modena.com\/en\/?s={search_term_string}"},"query-input":{"@type":"PropertyValueSpecification","valueRequired":true,"valueName":"search_term_string"}}],"inLanguage":"fr-FR"}]}},"_links":{"self":[{"href":"https:\/\/www.ata-modena.com\/fr\/wp-json\/wp\/v2\/pages\/1659","targetHints":{"allow":["GET"]}}],"collection":[{"href":"https:\/\/www.ata-modena.com\/fr\/wp-json\/wp\/v2\/pages"}],"about":[{"href":"https:\/\/www.ata-modena.com\/fr\/wp-json\/wp\/v2\/types\/page"}],"author":[{"embeddable":true,"href":"https:\/\/www.ata-modena.com\/fr\/wp-json\/wp\/v2\/users\/31"}],"replies":[{"embeddable":true,"href":"https:\/\/www.ata-modena.com\/fr\/wp-json\/wp\/v2\/comments?post=1659"}],"version-history":[{"count":3,"href":"https:\/\/www.ata-modena.com\/fr\/wp-json\/wp\/v2\/pages\/1659\/revisions"}],"predecessor-version":[{"id":2094,"href":"https:\/\/www.ata-modena.com\/fr\/wp-json\/wp\/v2\/pages\/1659\/revisions\/2094"}],"wp:attachment":[{"href":"https:\/\/www.ata-modena.com\/fr\/wp-json\/wp\/v2\/media?parent=1659"}],"curies":[{"name":"wp","href":"https:\/\/api.w.org\/{rel}","templated":true}]}}