{"id":1635,"date":"2016-06-29T13:33:56","date_gmt":"2016-06-29T11:33:56","guid":{"rendered":"http:\/\/www.ata-modena.com\/fr\/?page_id=1635"},"modified":"2018-07-06T09:14:31","modified_gmt":"2018-07-06T07:14:31","slug":"enterprise","status":"publish","type":"page","link":"https:\/\/www.ata-modena.com\/fr\/enterprise\/","title":{"rendered":"Entreprise"},"content":{"rendered":"<p><div class=\"fusion-fullwidth fullwidth-box fusion-builder-row-1 hundred-percent-fullwidth non-hundred-percent-height-scrolling\" style=\"--awb-background-position:left top;--awb-border-radius-top-left:0px;--awb-border-radius-top-right:0px;--awb-border-radius-bottom-right:0px;--awb-border-radius-bottom-left:0px;--awb-padding-top:0px;--awb-padding-right:0px;--awb-padding-bottom:0px;--awb-padding-left:0px;--awb-border-sizes-top:0px;--awb-border-sizes-bottom:0px;--awb-flex-wrap:wrap;\" ><div class=\"fusion-builder-row fusion-row\"><div class=\"fusion-layout-column fusion_builder_column fusion-builder-column-0 fusion_builder_column_1_1 1_1 fusion-one-full fusion-column-first fusion-column-last fusion-column-no-min-height\" style=\"--awb-bg-size:cover;--awb-margin-bottom:0px;\"><div class=\"fusion-column-wrapper fusion-flex-column-wrapper-legacy\"><div class=\"fusion-slider-sc fusion-flexslider-loading flexslider flexslider-hover-type-none\" data-slideshow_autoplay=\"1\" data-slideshow_smooth_height=\"0\" data-slideshow_speed=\"7000\" style=\"max-width:100%;height:100%;\"><ul class=\"slides\"><li class=\"image\"><span class=\"fusion-image-hover-element hover-type-none\"><img decoding=\"async\" src=\"https:\/\/www.ata-modena.com\/wp-content\/uploads\/2016\/02\/ata-tow-tractors-modena-la-storia-anni-1950-60.jpg\" width=\"1600\" height=\"564\" \/><\/span><\/li><li class=\"image\"><span class=\"fusion-image-hover-element hover-type-none\"><img decoding=\"async\" src=\"https:\/\/www.ata-modena.com\/wp-content\/uploads\/2016\/02\/ata-tow-tractors-modena-la-storia-anni-1970-80.jpg\" width=\"1600\" height=\"564\" \/><\/span><\/li><li class=\"image\"><span class=\"fusion-image-hover-element hover-type-none\"><img decoding=\"async\" src=\"https:\/\/www.ata-modena.com\/wp-content\/uploads\/2016\/02\/ata-tow-tractors-modena-la-storia-anni-2000.jpg\" width=\"1600\" height=\"564\" \/><\/span><\/li><\/ul><\/div><div class=\"fusion-clearfix\"><\/div><\/div><\/div><\/div><\/div><div class=\"fusion-fullwidth fullwidth-box fusion-builder-row-2 nonhundred-percent-fullwidth non-hundred-percent-height-scrolling\" style=\"--awb-background-position:left top;--awb-border-radius-top-left:0px;--awb-border-radius-top-right:0px;--awb-border-radius-bottom-right:0px;--awb-border-radius-bottom-left:0px;--awb-padding-top:5px;--awb-padding-bottom:20px;--awb-border-sizes-top:0px;--awb-border-sizes-bottom:0px;--awb-flex-wrap:wrap;\" ><div class=\"fusion-builder-row fusion-row\"><div class=\"fusion-layout-column fusion_builder_column fusion-builder-column-1 fusion_builder_column_1_1 1_1 fusion-one-full fusion-column-first fusion-column-last fusion-column-no-min-height\" style=\"--awb-bg-size:cover;--awb-margin-bottom:0px;\"><div class=\"fusion-column-wrapper fusion-flex-column-wrapper-legacy\"><div class=\"fusion-text fusion-text-1\"><h1>ATA. Nous tractons le march\u00e9 depuis 1952<\/h1>\n<h3>ATA \u00e0 \u00e9t\u00e9 cr\u00e9\u00e9e a Mod\u00e8ne dans le premier apr\u00e8s guerre de Geo Bergamini, qui commence a rassembler des petits tracteurs de remorquage pour l\u2019utilisation interne des fours et \u00e0 construire des pi\u00e8ces de rechange et des outils pour l\u2019agriculture.<br \/>\nAujourd\u2019hui les principaux clients sont les compagnies a\u00e9riennes , les soci\u00e9t\u00e9s de gestion a\u00e9roportuaire (italiennes et \u00e9trang\u00e8res), certains ports en Italie, en Europe en Afrique du nord et en Asie, Les principales industries ( automobiles, les industrie lourdes et pour n\u2019importe qu\u2019elle exigences de remorquage parfois).<br \/>\nLa gamme des produits que aujourd\u2019hui ATA est capable d\u2019offrir est tr\u00e8s dense : On passe des tracteurs de remorquage internes \u00e0 ceux industriels et aux tracteurs de remorquage des bagages et d\u2019outils dans les ports et a\u00e9roports. Tracteurs \u00e9lectriques, \u00e0 essence, \u00e0 gazole, \u00e0 GPL ( gaz de p\u00e9trole liqu\u00e9fi\u00e9 ). Neufs et us\u00e9s, avec des solutions pour la location et pour chaque demande de personnalisation.<\/h3>\n<h3>C\u2019est une br\u00e8ve histoire de ATA a travers les derniers d\u00e9cennies.<\/h3>\n<\/div><div class=\"fusion-clearfix\"><\/div><\/div><\/div><div class=\"fusion-layout-column fusion_builder_column fusion-builder-column-2 fusion_builder_column_1_2 1_2 fusion-one-half fusion-column-first\" style=\"--awb-bg-size:cover;width:48%; margin-right: 4%;\"><div class=\"fusion-column-wrapper fusion-flex-column-wrapper-legacy\"><div class=\"fusion-text fusion-text-2\"><h1><strong>1950 \/ 1960<\/strong><\/h1>\n<p>ATA a \u00e9t\u00e9 cr\u00e9\u00e9e en 1952 par <strong>Ageo Bergamin<\/strong>i en commen\u00e7ant \u00e0 rassembler des petits tracteurs de remorquage pour l\u2019utilisation interne des fours et \u00e0 construire des pi\u00e8ces de rechange et des outils pour l\u2019agriculture. En \u00e9tant las sa pr\u00e9c\u00e9dente exp\u00e9rience comme chef r\u00e9parti chez FIAT tracteurs de Mod\u00e8ne, Bergamini \u00e0 l\u2019intention g\u00e9niale de reprendre en main le projet du \u201cLeprotto\u201d, le mythique tracteur encor en production aujourd\u2019hui et que dans les d\u00e9but des ann\u00e9es 50 il \u00e9t\u00e9 utilis\u00e9 pour remorquer les petit vaguons dans les cellules des fours en substitution des \u00e2nes.<\/p>\n<\/div><div class=\"fusion-clearfix\"><\/div><\/div><\/div><div class=\"fusion-layout-column fusion_builder_column fusion-builder-column-3 fusion_builder_column_1_2 1_2 fusion-one-half fusion-column-last\" style=\"--awb-bg-size:cover;width:48%;\"><div class=\"fusion-column-wrapper fusion-flex-column-wrapper-legacy\"><div class=\"fusion-text fusion-text-3\"><h1><strong>1970 \/ 1980<\/strong><\/h1>\n<p>La grande expansion du secteur a\u00e9roportuaire ne pr\u00e9pare pas ATA que en ces derni\u00e8res ann\u00e9es devenue leader Italien pour la production des tracteurs de remorquage des bagages et \u00e9quipements que sa soit pour les a\u00e9roports et les \u00e9quipements ou pour les a\u00e9roports civile que militaire. Dans le secteur industriel commence un grand d\u00e9veloppement a l\u2019\u00e9tranger avec l\u2019acquisition d\u2019important quota du marche allemand et fran\u00e7ais, surtout gr\u00e2ce a l\u2019innovation des tracteurs aliment\u00e9s a GPL qu\u2019ont permis a ATA de faire d\u2019importantes ventes dans les a\u00e9roports fran\u00e7ais set dans l\u2019industrie automobile allemande.<\/p>\n<\/div><div class=\"fusion-clearfix\"><\/div><\/div><\/div><div class=\"fusion-layout-column fusion_builder_column fusion-builder-column-4 fusion_builder_column_1_2 1_2 fusion-one-half fusion-column-first\" style=\"--awb-bg-size:cover;width:48%; margin-right: 4%;\"><div class=\"fusion-column-wrapper fusion-flex-column-wrapper-legacy\"><div class=\"fusion-text fusion-text-4\"><h1><strong>1990\/2000<\/strong><\/h1>\n<p>ATA renforce la propre position sur le march\u00e9 interne en continuant de vendre ses propres produits m\u00eame en de hors de l\u2019Europe. L\u2019exp\u00e9rience et la qualit\u00e9 des produits permettent a ATA d\u2019\u00eatre connu sur le march\u00e9 comme la soci\u00e9t\u00e9 flexible, et toujours pr\u00eats \u00e0 \u00e9tudier des nouveaux produits pour satisfaire les besoins d\u2019un marche en pleine \u00e9volution. C\u2019est en effet dans les d\u00e9but des ann\u00e9es 90 des premier Lokottrattore et en 2005 leur d\u00e9veloppement parmi les premiers en Europe \u2013 du tracteur ibride Diesel\/Electrique.<br \/>\nDans ces 20 ans ont \u00e9t\u00e9 rajout\u00e9s importantes choses comme la certification ISO 9001 et la certification aux normatives NATO. Pendant ce temps nait le besoins de se renfoncer sur la march\u00e9 a\u00e9roportuaire et se serrent des accords commerciaux avec les plus grandes maisons constructrices d\u2019outils au niveau mondial: Hobart pour les groupes \u00e9lectrog\u00e8nes, Trilectron pour les conditionneurs et aviateurs a\u00e9romobile.<\/p>\n<\/div><div class=\"fusion-clearfix\"><\/div><\/div><\/div><div class=\"fusion-layout-column fusion_builder_column fusion-builder-column-5 fusion_builder_column_1_2 1_2 fusion-one-half fusion-column-last\" style=\"--awb-bg-size:cover;width:48%;\"><div class=\"fusion-column-wrapper fusion-flex-column-wrapper-legacy\"><div class=\"fusion-text fusion-text-5\"><h1><strong>2016<\/strong><\/h1>\n<p>ATA franchis avec confiance son objectif de ses 60 ann\u00e9es d\u2019activit\u00e9 en ayant a faire a un march\u00e9 toujours en \u00e9volution, avec le m\u00eame enthousiasme de son fondateur et sa m\u00eame finalit\u00e9 : une maximum satisfaction du client a travers la qualit\u00e9 que donne toujours des distinctions. Une croissance continue dans le temps gr\u00e2ce aux produits capable d\u2019interpr\u00e9ter les nouvelles exigences d\u2019un march\u00e9 attentif au rapport qualit\u00e9\/prix, la fiabilit\u00e9, la s\u00e9curit\u00e9 au respect de l\u2019environnement et aux solutions toujours nouvelles pour la maximum satisfaction du client.<br \/>\nLe bureau technique de ATA est projet\u00e9 vers le d\u00e9veloppement des nouveaux moyens comme le nouveau \u201cLeprotto\u201d, et le tracteur de remorquage a\u00e9romobile ZAC 100 pour compl\u00e9ter une gamme de produits capable de satisfaire peu importe l\u2019exigence de remorquage.<\/p>\n<p>Le pr\u00e9sence et la visibilit\u00e9 dans le march\u00e9 a\u00e9roportuaire s\u2019est ult\u00e9rieurement renforc\u00e9e avec l\u2019acquisition de la repr\u00e9sentation de Lektro, entreprise leader mondial de la production de towbarless \u00e9lectriques pour le remorquage des a\u00e9romobiles.<\/p>\n<\/div><div class=\"fusion-clearfix\"><\/div><\/div><\/div><\/div><\/div><\/p>\n","protected":false},"excerpt":{"rendered":"","protected":false},"author":31,"featured_media":0,"parent":0,"menu_order":0,"comment_status":"open","ping_status":"closed","template":"100-width.php","meta":{"footnotes":""},"class_list":["post-1635","page","type-page","status-publish","hentry"],"yoast_head":"<!-- This site is optimized with the Yoast SEO plugin v27.5 - https:\/\/yoast.com\/product\/yoast-seo-wordpress\/ -->\n<title>Entreprise - ATA Tow Tractors - Modena<\/title>\n<meta name=\"robots\" content=\"index, follow, max-snippet:-1, max-image-preview:large, max-video-preview:-1\" \/>\n<link rel=\"canonical\" href=\"https:\/\/www.ata-modena.com\/fr\/enterprise\/\" \/>\n<meta property=\"og:locale\" content=\"fr_FR\" \/>\n<meta property=\"og:type\" content=\"article\" \/>\n<meta property=\"og:title\" content=\"Entreprise - ATA Tow Tractors - Modena\" \/>\n<meta property=\"og:url\" content=\"https:\/\/www.ata-modena.com\/fr\/enterprise\/\" \/>\n<meta property=\"og:site_name\" content=\"ATA Tow Tractors - Modena\" \/>\n<meta property=\"article:modified_time\" content=\"2018-07-06T07:14:31+00:00\" \/>\n<meta name=\"twitter:card\" content=\"summary_large_image\" \/>\n<meta name=\"twitter:label1\" content=\"Dur\u00e9e de lecture estim\u00e9e\" \/>\n\t<meta name=\"twitter:data1\" content=\"7 minutes\" \/>\n<script type=\"application\/ld+json\" class=\"yoast-schema-graph\">{\"@context\":\"https:\\\/\\\/schema.org\",\"@graph\":[{\"@type\":\"WebPage\",\"@id\":\"https:\\\/\\\/www.ata-modena.com\\\/fr\\\/enterprise\\\/\",\"url\":\"https:\\\/\\\/www.ata-modena.com\\\/fr\\\/enterprise\\\/\",\"name\":\"Entreprise - ATA Tow Tractors - Modena\",\"isPartOf\":{\"@id\":\"https:\\\/\\\/www.ata-modena.com\\\/en\\\/#website\"},\"datePublished\":\"2016-06-29T11:33:56+00:00\",\"dateModified\":\"2018-07-06T07:14:31+00:00\",\"breadcrumb\":{\"@id\":\"https:\\\/\\\/www.ata-modena.com\\\/fr\\\/enterprise\\\/#breadcrumb\"},\"inLanguage\":\"fr-FR\",\"potentialAction\":[{\"@type\":\"ReadAction\",\"target\":[\"https:\\\/\\\/www.ata-modena.com\\\/fr\\\/enterprise\\\/\"]}]},{\"@type\":\"BreadcrumbList\",\"@id\":\"https:\\\/\\\/www.ata-modena.com\\\/fr\\\/enterprise\\\/#breadcrumb\",\"itemListElement\":[{\"@type\":\"ListItem\",\"position\":1,\"name\":\"Home\",\"item\":\"https:\\\/\\\/www.ata-modena.com\\\/fr\\\/\"},{\"@type\":\"ListItem\",\"position\":2,\"name\":\"Entreprise\"}]},{\"@type\":\"WebSite\",\"@id\":\"https:\\\/\\\/www.ata-modena.com\\\/en\\\/#website\",\"url\":\"https:\\\/\\\/www.ata-modena.com\\\/en\\\/\",\"name\":\"ATA Tow Tractors - Modena\",\"description\":\"Dal 1952 trainiamo grandi pesi. Nell\u2019industria, negli aeroporti.\",\"potentialAction\":[{\"@type\":\"SearchAction\",\"target\":{\"@type\":\"EntryPoint\",\"urlTemplate\":\"https:\\\/\\\/www.ata-modena.com\\\/en\\\/?s={search_term_string}\"},\"query-input\":{\"@type\":\"PropertyValueSpecification\",\"valueRequired\":true,\"valueName\":\"search_term_string\"}}],\"inLanguage\":\"fr-FR\"}]}<\/script>\n<!-- \/ Yoast SEO plugin. -->","yoast_head_json":{"title":"Entreprise - ATA Tow Tractors - Modena","robots":{"index":"index","follow":"follow","max-snippet":"max-snippet:-1","max-image-preview":"max-image-preview:large","max-video-preview":"max-video-preview:-1"},"canonical":"https:\/\/www.ata-modena.com\/fr\/enterprise\/","og_locale":"fr_FR","og_type":"article","og_title":"Entreprise - ATA Tow Tractors - Modena","og_url":"https:\/\/www.ata-modena.com\/fr\/enterprise\/","og_site_name":"ATA Tow Tractors - Modena","article_modified_time":"2018-07-06T07:14:31+00:00","twitter_card":"summary_large_image","twitter_misc":{"Dur\u00e9e de lecture estim\u00e9e":"7 minutes"},"schema":{"@context":"https:\/\/schema.org","@graph":[{"@type":"WebPage","@id":"https:\/\/www.ata-modena.com\/fr\/enterprise\/","url":"https:\/\/www.ata-modena.com\/fr\/enterprise\/","name":"Entreprise - ATA Tow Tractors - Modena","isPartOf":{"@id":"https:\/\/www.ata-modena.com\/en\/#website"},"datePublished":"2016-06-29T11:33:56+00:00","dateModified":"2018-07-06T07:14:31+00:00","breadcrumb":{"@id":"https:\/\/www.ata-modena.com\/fr\/enterprise\/#breadcrumb"},"inLanguage":"fr-FR","potentialAction":[{"@type":"ReadAction","target":["https:\/\/www.ata-modena.com\/fr\/enterprise\/"]}]},{"@type":"BreadcrumbList","@id":"https:\/\/www.ata-modena.com\/fr\/enterprise\/#breadcrumb","itemListElement":[{"@type":"ListItem","position":1,"name":"Home","item":"https:\/\/www.ata-modena.com\/fr\/"},{"@type":"ListItem","position":2,"name":"Entreprise"}]},{"@type":"WebSite","@id":"https:\/\/www.ata-modena.com\/en\/#website","url":"https:\/\/www.ata-modena.com\/en\/","name":"ATA Tow Tractors - Modena","description":"Dal 1952 trainiamo grandi pesi. Nell\u2019industria, negli aeroporti.","potentialAction":[{"@type":"SearchAction","target":{"@type":"EntryPoint","urlTemplate":"https:\/\/www.ata-modena.com\/en\/?s={search_term_string}"},"query-input":{"@type":"PropertyValueSpecification","valueRequired":true,"valueName":"search_term_string"}}],"inLanguage":"fr-FR"}]}},"_links":{"self":[{"href":"https:\/\/www.ata-modena.com\/fr\/wp-json\/wp\/v2\/pages\/1635","targetHints":{"allow":["GET"]}}],"collection":[{"href":"https:\/\/www.ata-modena.com\/fr\/wp-json\/wp\/v2\/pages"}],"about":[{"href":"https:\/\/www.ata-modena.com\/fr\/wp-json\/wp\/v2\/types\/page"}],"author":[{"embeddable":true,"href":"https:\/\/www.ata-modena.com\/fr\/wp-json\/wp\/v2\/users\/31"}],"replies":[{"embeddable":true,"href":"https:\/\/www.ata-modena.com\/fr\/wp-json\/wp\/v2\/comments?post=1635"}],"version-history":[{"count":5,"href":"https:\/\/www.ata-modena.com\/fr\/wp-json\/wp\/v2\/pages\/1635\/revisions"}],"predecessor-version":[{"id":2445,"href":"https:\/\/www.ata-modena.com\/fr\/wp-json\/wp\/v2\/pages\/1635\/revisions\/2445"}],"wp:attachment":[{"href":"https:\/\/www.ata-modena.com\/fr\/wp-json\/wp\/v2\/media?parent=1635"}],"curies":[{"name":"wp","href":"https:\/\/api.w.org\/{rel}","templated":true}]}}